{"id":444,"date":"2020-10-26T12:19:22","date_gmt":"2020-10-26T12:19:22","guid":{"rendered":"http:\/\/amwerk.bold-themes.com\/berlin\/?page_id=444"},"modified":"2023-10-26T12:05:55","modified_gmt":"2023-10-26T12:05:55","slug":"ihale-yonetimi-ve-teklif-hazirlama-hizmetleri","status":"publish","type":"page","link":"https:\/\/www.mudcem.com\/fr\/ihale-yonetimi-ve-teklif-hazirlama-hizmetleri\/","title":{"rendered":"Services de gestion des appels d\u2019offres et de pr\u00e9paration des offres"},"content":{"rendered":"<section id=\"bt_bb_section69dfe8fbbc7da\" class=\"bt_bb_section bt_bb_layout_wide bt_bb_vertical_align_top bt_bb_negative_margin_40\"  data-bt-override-class=\"null\"><div class=\"bt_bb_port\"><div class=\"bt_bb_cell\"><div class=\"bt_bb_cell_inner\"><div class=\"bt_bb_row_wrapper bt_bb_row_push_right bt_bb_content_wide bt_bb_row_width_boxed_1200\"><div  class=\"bt_bb_row bt_bb_column_gap_40\"  data-bt-override-class=\"{}\"><div  class=\"bt_bb_column col-xxl-6 col-xl-6 bt_bb_vertical_align_top bt_bb_align_left bt_bb_padding_normal bt_bb_animation_fade_in animate\"  data-width=\"6\" data-bt-override-class=\"{}\"><div class=\"bt_bb_column_content\"><div class=\"bt_bb_column_content_inner\"><div class=\"bt_bb_separator_v2 bt_bb_border_style_none bt_bb_bottom_spacing_80 bt_bb_icon_size_normal bt_bb_text_size_normal bt_bb_separator_v2_without_content\" data-bt-override-class=\"null\"><div class=\"bt_bb_separator_v2_inner\"><span class=\"bt_bb_separator_v2_inner_before\"><\/span><span class=\"bt_bb_separator_v2_inner_content\"><span  data-ico-=\"\" class=\"bt_bb_icon_holder\"><\/span><\/span><span class=\"bt_bb_separator_v2_inner_after\"><\/span><\/div><\/div><div class=\"bt_bb_separator_v2 bt_bb_border_style_none bt_bb_bottom_spacing_60 bt_bb_icon_size_normal bt_bb_text_size_normal bt_bb_separator_v2_without_content\" data-bt-override-class=\"null\"><div class=\"bt_bb_separator_v2_inner\"><span class=\"bt_bb_separator_v2_inner_before\"><\/span><span class=\"bt_bb_separator_v2_inner_content\"><span  data-ico-=\"\" class=\"bt_bb_icon_holder\"><\/span><\/span><span class=\"bt_bb_separator_v2_inner_after\"><\/span><\/div><\/div><header data-bb-version=\"4.6.1\" class=\"bt_bb_headline bt_bb_dash_top bt_bb_size_large bt_bb_align_inherit\" data-bt-override-class=\"{&quot;bt_bb_size_&quot;:{&quot;current_class&quot;:&quot;bt_bb_size_large&quot;,&quot;xxl&quot;:&quot;large&quot;},&quot;bt_bb_align_&quot;:{&quot;current_class&quot;:&quot;bt_bb_align_inherit&quot;,&quot;xxl&quot;:&quot;inherit&quot;}}\"><h1><span class=\"bt_bb_headline_content\"><span>Services de gestion des appels d\u2019offres et de pr\u00e9paration des offres<\/span><\/span><\/h1><\/header><div class=\"bt_bb_separator_v2 bt_bb_border_style_none bt_bb_bottom_spacing_60 bt_bb_icon_size_normal bt_bb_text_size_normal bt_bb_separator_v2_without_content\" data-bt-override-class=\"null\"><div class=\"bt_bb_separator_v2_inner\"><span class=\"bt_bb_separator_v2_inner_before\"><\/span><span class=\"bt_bb_separator_v2_inner_content\"><span  data-ico-=\"\" class=\"bt_bb_icon_holder\"><\/span><\/span><span class=\"bt_bb_separator_v2_inner_after\"><\/span><\/div><\/div><div data-bb-version=\"4.6.1\"  class=\"bt_bb_text\" ><p>En tant que Mudcem, nous sommes fiers d'offrir des services de gestion des appels d'offres et de pr\u00e9paration des offres \u00e0 nos clients op\u00e9rant dans le secteur de la construction. \u00c9tant donn\u00e9 que les projets de construction impliquent des processus complexes et \u00e0 grande \u00e9chelle, ce sont des projets importants qui n\u00e9cessitent une planification et une gestion appropri\u00e9es. C'est pourquoi nous accompagnons nos clients dans leurs processus d'appel d'offres et la pr\u00e9paration de leurs propositions.<\/p>\n<p>Dans le domaine de la gestion des appels d'offres, nous pr\u00e9parons tous les documents n\u00e9cessaires et g\u00e9rons les processus d'appel d'offres de mani\u00e8re professionnelle afin de garantir que nos clients pr\u00e9sentent leurs projets de la meilleure fa\u00e7on possible. Il s'agit d'une \u00e9tape cruciale pour la bonne ex\u00e9cution du projet et facilite le travail de nos clients.<\/p>\n<p>Concernant les services de pr\u00e9paration d'offres, nous cr\u00e9ons des dossiers d'appel d'offres complets et impressionnants pour les projets sur lesquels nos clients souhaitent soumissionner. Ces dossiers sont pr\u00e9par\u00e9s en fonction du cahier des charges, des exigences du projet et des ressources du client. Ainsi, nos clients b\u00e9n\u00e9ficient d\u2019un avantage concurrentiel et augmentent leurs chances de remporter leurs projets.<\/p>\n<p>Nous accompagnons nos clients dans la r\u00e9ussite de leurs projets dans le secteur de la construction en leur proposant des solutions sp\u00e9cifiques \u00e0 leurs besoins. Notre \u00e9quipe d'experts en gestion des appels d'offres et en pr\u00e9paration des offres garantit que nos clients sont accompagn\u00e9s \u00e0 chaque \u00e9tape. Elle traite chaque projet avec minutie et r\u00e9pond au plus haut niveau aux attentes de nos clients.<\/p>\n<p>Si vous recherchez un accompagnement fiable et professionnel dans vos projets de construction, contactez-nous. Forts de notre exp\u00e9rience dans le secteur de la construction, nous sommes l\u00e0 pour mener \u00e0 bien vos projets.<\/p>\n<p>Au cours des processus d'appel d'offres, les documents suivants seront pr\u00e9par\u00e9s, en tout ou en partie, ou leur pr\u00e9paration sera contribu\u00e9e:<\/p>\n<ul>\n<li>Devis descriptif incluant les d\u00e9penses de mat\u00e9riel, de main d'\u0153uvre, de sous-traitance et d'\u00e9quipement<\/li>\n<li>Programme de Travaux<\/li>\n<li>Plan de mobilisation<\/li>\n<li>Liste d'\u00e9quipement<\/li>\n<li>Histogramme du personnel<\/li>\n<li>Les frais g\u00e9n\u00e9raux d\u00e9taill\u00e9s du chantier comprennent :\n<ul>\n<li>Organisation et co\u00fbt du personnel indirect<\/li>\n<li>Organisation et co\u00fbts de conception<\/li>\n<li>D\u00e9penses collat\u00e9rales<\/li>\n<li>Frais d'assurance<\/li>\n<li>Frais de mobilisation et de d\u00e9mobilisation<\/li>\n<li>Frais de tests et de mise en service<\/li>\n<li>Autres d\u00e9penses du site et du camp<\/li>\n<\/ul>\n<\/li>\n<li>Tableaux et graphiques des flux de tr\u00e9sorerie<\/li>\n<li>Identification des groupes de travail sous-traitants et fournisseurs<\/li>\n<li>Plan logistique<\/li>\n<li>Proc\u00e9dures d\u2019ex\u00e9cution pour les activit\u00e9s de construction<\/li>\n<li>Notes de proposition<\/li>\n<li>Sp\u00e9cifications techniques si n\u00e9cessaire<\/li>\n<li>R\u00e9diger le contrat si n\u00e9cessaire<\/li>\n<\/ul>\n<\/div><div class=\"bt_bb_separator_v2 bt_bb_border_style_none bt_bb_bottom_spacing_40 bt_bb_icon_size_normal bt_bb_text_size_normal bt_bb_separator_v2_without_content bt_bb_hidden_md bt_bb_hidden_lg\" data-bt-override-class=\"null\"><div class=\"bt_bb_separator_v2_inner\"><span class=\"bt_bb_separator_v2_inner_before\"><\/span><span class=\"bt_bb_separator_v2_inner_content\"><span  data-ico-=\"\" class=\"bt_bb_icon_holder\"><\/span><\/span><span class=\"bt_bb_separator_v2_inner_after\"><\/span><\/div><\/div><div class=\"bt_bb_separator_v2 bt_bb_border_style_none bt_bb_bottom_spacing_80 bt_bb_icon_size_normal bt_bb_text_size_normal bt_bb_separator_v2_without_content\" data-bt-override-class=\"null\"><div class=\"bt_bb_separator_v2_inner\"><span class=\"bt_bb_separator_v2_inner_before\"><\/span><span class=\"bt_bb_separator_v2_inner_content\"><span  data-ico-=\"\" class=\"bt_bb_icon_holder\"><\/span><\/span><span class=\"bt_bb_separator_v2_inner_after\"><\/span><\/div><\/div><\/div><\/div><\/div><div  class=\"bt_bb_column col-xxl-6 col-xl-6 bt_bb_vertical_align_top bt_bb_align_left bt_bb_padding_normal bt_bb_animation_fade_in animate\"  data-width=\"6\" data-bt-override-class=\"{}\"><div class=\"bt_bb_column_content\"><div class=\"bt_bb_column_content_inner\"><div data-bb-version=\"4.6.1\" class=\"bt_bb_image btImgContentHalfWidth bt_bb_shape_square bt_bb_align_inherit bt_bb_hover_style_simple bt_bb_content_display_always bt_bb_content_align_bottom bt_bb_remove_padding_40 bt_bb_fill_background_color_match_content_height\" style=\"max-width: 650px; margin-bottom: -40px;\" data-bt-override-class=\"{&quot;bt_bb_align_&quot;:{&quot;current_class&quot;:&quot;bt_bb_align_inherit&quot;,&quot;xxl&quot;:&quot;inherit&quot;}}\"><span><img src = \"https:\/\/www.mudcem.com\/wp-content\/plugins\/bold-page-builder\/img\/blank.gif\" data-full_image_src=\"https:\/\/www.mudcem.com\/wp-content\/uploads\/2023\/09\/a46bad1f-717f-4900-a1da-75c10b3c22da.jpg\" data-image_src=\"https:\/\/www.mudcem.com\/wp-content\/uploads\/2023\/09\/a46bad1f-717f-4900-a1da-75c10b3c22da-1280x1036.jpg\" title=\"a46bad1f-717f-4900-a1da-75c10b3c22da\" alt=\"https:\/\/www.mudcem.com\/wp-content\/uploads\/2023\/09\/a46bad1f-717f-4900-a1da-75c10b3c22da-1280x1036.jpg\" class=\"btLazyLoadImage\"><\/span><\/div><\/div><\/div><\/div><\/div><\/div><\/div><!-- cell_inner --><\/div><!-- cell --><\/div><!-- port --><\/section>","protected":false},"excerpt":{"rendered":"","protected":false},"author":1,"featured_media":1510,"parent":0,"menu_order":0,"comment_status":"closed","ping_status":"closed","template":"","meta":{"footnotes":""},"class_list":["post-444","page","type-page","status-publish","has-post-thumbnail","hentry"],"_links":{"self":[{"href":"https:\/\/www.mudcem.com\/fr\/wp-json\/wp\/v2\/pages\/444","targetHints":{"allow":["GET"]}}],"collection":[{"href":"https:\/\/www.mudcem.com\/fr\/wp-json\/wp\/v2\/pages"}],"about":[{"href":"https:\/\/www.mudcem.com\/fr\/wp-json\/wp\/v2\/types\/page"}],"author":[{"embeddable":true,"href":"https:\/\/www.mudcem.com\/fr\/wp-json\/wp\/v2\/users\/1"}],"replies":[{"embeddable":true,"href":"https:\/\/www.mudcem.com\/fr\/wp-json\/wp\/v2\/comments?post=444"}],"version-history":[{"count":11,"href":"https:\/\/www.mudcem.com\/fr\/wp-json\/wp\/v2\/pages\/444\/revisions"}],"predecessor-version":[{"id":1675,"href":"https:\/\/www.mudcem.com\/fr\/wp-json\/wp\/v2\/pages\/444\/revisions\/1675"}],"wp:featuredmedia":[{"embeddable":true,"href":"https:\/\/www.mudcem.com\/fr\/wp-json\/wp\/v2\/media\/1510"}],"wp:attachment":[{"href":"https:\/\/www.mudcem.com\/fr\/wp-json\/wp\/v2\/media?parent=444"}],"curies":[{"name":"wp","href":"https:\/\/api.w.org\/{rel}","templated":true}]}}