{"id":14374,"date":"2021-11-12T05:13:31","date_gmt":"2021-11-12T02:13:31","guid":{"rendered":"https:\/\/sedader.org.tr\/mudcem\/iletisim\/"},"modified":"2026-03-24T01:13:18","modified_gmt":"2026-03-23T22:13:18","slug":"contact","status":"publish","type":"page","link":"https:\/\/www.mudcem.com\/fr\/contact\/","title":{"rendered":"Contact"},"content":{"rendered":"\t\t<div data-elementor-type=\"wp-page\" data-elementor-id=\"14374\" class=\"elementor elementor-14374 elementor-527\">\n\t\t\t\t        <section class=\"elementor-section elementor-top-section elementor-element elementor-element-1f6f1fb3 elementor-section-stretched elementor-section-boxed elementor-section-height-default elementor-section-height-default ct-header-fixed-none ct-column-none ct-row-scroll-none ct-row-gradient--none ct-row-container--default\" data-id=\"1f6f1fb3\" data-element_type=\"section\" data-e-type=\"section\" data-settings=\"{&quot;stretch_section&quot;:&quot;section-stretched&quot;}\">\n            \n                        <div class=\"elementor-container elementor-column-gap-extended \">\n                    <div class=\"elementor-column elementor-col-100 elementor-top-column elementor-element elementor-element-48b823ec ct-column-none col-offset-none\" data-id=\"48b823ec\" data-element_type=\"column\" data-e-type=\"column\">\n        <div class=\"elementor-widget-wrap elementor-element-populated\">\n                    \n        \t\t<div class=\"elementor-element elementor-element-2fbf9b05 elementor-widget elementor-widget-ct_heading\" data-id=\"2fbf9b05\" data-element_type=\"widget\" data-e-type=\"widget\" data-widget_type=\"ct_heading.default\">\n\t\t\t\t<div class=\"elementor-widget-container\">\n\t\t\t\t\t<div id=\"ct_heading-2fbf9b05\" class=\"ct-heading h-align-center item-st-default\">\r\n    <div class=\"heading-wrapper\">\r\n        <div class=\"inner-heading\">\r\n                          \t                <h3 class=\"item--title case-animate-time st-default \" data-wow-delay=\"ms\">\r\n                    <span>Size En Yak\u0131n Ofis<\/span>                <\/h3>\r\n        <\/div>\r\n    <\/div>\r\n<\/div>\r\n\t\t\t\t<\/div>\n\t\t\t\t<\/div>\n\t\t        <section class=\"elementor-section elementor-inner-section elementor-element elementor-element-633411ea elementor-section-boxed elementor-section-height-default elementor-section-height-default ct-header-fixed-none ct-column-none ct-row-scroll-none ct-row-gradient--none ct-row-container--default\" data-id=\"633411ea\" data-element_type=\"section\" data-e-type=\"section\">\n            \n                        <div class=\"elementor-container elementor-column-gap-extended \">\n                    <div class=\"elementor-column elementor-col-33 elementor-inner-column elementor-element elementor-element-25a84ae8 ct-column-none col-offset-none\" data-id=\"25a84ae8\" data-element_type=\"column\" data-e-type=\"column\">\n        <div class=\"elementor-widget-wrap elementor-element-populated\">\n                    \n        \t\t<div class=\"elementor-element elementor-element-8ed5a14 elementor-widget elementor-widget-ct_info_box\" data-id=\"8ed5a14\" data-element_type=\"widget\" data-e-type=\"widget\" data-widget_type=\"ct_info_box.default\">\n\t\t\t\t<div class=\"elementor-widget-container\">\n\t\t\t\t\t\r\n<div id=\"ct_info_box-8ed5a14\" class=\"ct-info-box layout1 wow fadeInUp\" data-wow-delay=\"ms\">\r\n    <div class=\"inner-box\">\r\n        <div class=\"meta-box\">\r\n                            <div class=\"item--icon icon-right-from-Left\">\r\n                    <i aria-hidden=\"true\" class=\"flaticon flaticon-message\"><\/i>                <\/div>\r\n                                    <div class=\"item--meta\">\r\n                <h3 class=\"item--title\">\r\n                    E-posta Adresi                <\/h3>\r\n                <div class=\"sub-title\">\r\n                    Bize istedi\u011finiz zaman yazabilirsiniz                <\/div>\r\n            <\/div>\r\n        <\/div>\r\n                    <ul class=\"list-row\">\r\n                                        <li class=\"item--contact-info\">\r\n                            <a href=\"mailto:info@mudcem.com\">                                <span class=\"ct-contact-content\">\r\n                                   info@mudcem.com                                <\/span>\r\n                            <\/a>                       <\/li>\r\n                                        <li class=\"item--contact-info\">\r\n                            <a href=\"mailto:teklif@mudcem.com\">                                <span class=\"ct-contact-content\">\r\n                                   teklif@mudcem.com                                <\/span>\r\n                            <\/a>                       <\/li>\r\n                            <\/ul>\r\n            <\/div>\r\n<\/div>\t\t\t\t<\/div>\n\t\t\t\t<\/div>\n\t\t            <\/div>\n        <\/div>\n                <div class=\"elementor-column elementor-col-33 elementor-inner-column elementor-element elementor-element-472db6b2 ct-column-none col-offset-none\" data-id=\"472db6b2\" data-element_type=\"column\" data-e-type=\"column\">\n        <div class=\"elementor-widget-wrap elementor-element-populated\">\n                    \n        \t\t<div class=\"elementor-element elementor-element-790adc4f elementor-widget elementor-widget-ct_info_box\" data-id=\"790adc4f\" data-element_type=\"widget\" data-e-type=\"widget\" data-widget_type=\"ct_info_box.default\">\n\t\t\t\t<div class=\"elementor-widget-container\">\n\t\t\t\t\t\r\n<div id=\"ct_info_box-790adc4f\" class=\"ct-info-box layout1 wow fadeInUp\" data-wow-delay=\"ms\">\r\n    <div class=\"inner-box\">\r\n        <div class=\"meta-box\">\r\n                            <div class=\"item--icon icon-shakeThatBooty\">\r\n                    <i aria-hidden=\"true\" class=\"flaticon flaticon-phone-call\"><\/i>                <\/div>\r\n                                    <div class=\"item--meta\">\r\n                <h3 class=\"item--title\">\r\n                    Telefon Numaras\u0131                <\/h3>\r\n                <div class=\"sub-title\">\r\n                    Bizi istedi\u011finiz zaman en k\u0131sa s\u00fcrede aray\u0131n.                <\/div>\r\n            <\/div>\r\n        <\/div>\r\n                    <ul class=\"list-row\">\r\n                                        <li class=\"item--contact-info\">\r\n                            <a href=\"tel:02128723230\">                                <span class=\"ct-contact-content\">\r\n                                   +90 212 872 32 30                                <\/span>\r\n                            <\/a>                       <\/li>\r\n                            <\/ul>\r\n            <\/div>\r\n<\/div>\t\t\t\t<\/div>\n\t\t\t\t<\/div>\n\t\t            <\/div>\n        <\/div>\n                <div class=\"elementor-column elementor-col-33 elementor-inner-column elementor-element elementor-element-5e6eee21 ct-column-none col-offset-none\" data-id=\"5e6eee21\" data-element_type=\"column\" data-e-type=\"column\">\n        <div class=\"elementor-widget-wrap elementor-element-populated\">\n                    \n        \t\t<div class=\"elementor-element elementor-element-70728079 elementor-widget elementor-widget-ct_info_box\" data-id=\"70728079\" data-element_type=\"widget\" data-e-type=\"widget\" data-widget_type=\"ct_info_box.default\">\n\t\t\t\t<div class=\"elementor-widget-container\">\n\t\t\t\t\t\r\n<div id=\"ct_info_box-70728079\" class=\"ct-info-box layout1 wow fadeInUp\" data-wow-delay=\"ms\">\r\n    <div class=\"inner-box\">\r\n        <div class=\"meta-box\">\r\n                            <div class=\"item--icon icon-Scale-Delay\">\r\n                    <i aria-hidden=\"true\" class=\"flaticon flaticon-dog-house\"><\/i>                <\/div>\r\n                                    <div class=\"item--meta\">\r\n                <h3 class=\"item--title\">\r\n                    Ofis Adresi                <\/h3>\r\n                <div class=\"sub-title\">\r\n                    Ofisimizi Ziyaret Edin                 <\/div>\r\n            <\/div>\r\n        <\/div>\r\n                    <ul class=\"list-row\">\r\n                                        <li class=\"item--contact-info\">\r\n                            <a href=\"#map\">                                <span class=\"ct-contact-content\">\r\n                                   B2, Miranda City Tower                                <\/span>\r\n                            <\/a>                       <\/li>\r\n                                        <li class=\"item--contact-info\">\r\n                            <a href=\"#map\">                                <span class=\"ct-contact-content\">\r\n                                   New York, US                                <\/span>\r\n                            <\/a>                       <\/li>\r\n                            <\/ul>\r\n            <\/div>\r\n<\/div>\t\t\t\t<\/div>\n\t\t\t\t<\/div>\n\t\t            <\/div>\n        <\/div>\n                    <\/div>\n        <\/section>\n                    <\/div>\n        <\/div>\n                    <\/div>\n        <\/section>\n                <section class=\"elementor-section elementor-top-section elementor-element elementor-element-bc022b5 elementor-section-stretched elementor-section-boxed elementor-section-height-default elementor-section-height-default ct-header-fixed-none ct-column-none ct-row-scroll-none ct-row-gradient--none ct-row-container--default\" data-id=\"bc022b5\" data-element_type=\"section\" data-e-type=\"section\" id=\"map\" data-settings=\"{&quot;stretch_section&quot;:&quot;section-stretched&quot;,&quot;background_background&quot;:&quot;classic&quot;}\">\n            \n                        <div class=\"elementor-container elementor-column-gap-extended \">\n                    <div class=\"elementor-column elementor-col-100 elementor-top-column elementor-element elementor-element-601ad467 ct-column-none col-offset-none\" data-id=\"601ad467\" data-element_type=\"column\" data-e-type=\"column\">\n        <div class=\"elementor-widget-wrap elementor-element-populated\">\n                    \n        \t\t<div class=\"elementor-element elementor-element-41ef04aa elementor-widget elementor-widget-google_maps\" data-id=\"41ef04aa\" data-element_type=\"widget\" data-e-type=\"widget\" data-widget_type=\"google_maps.default\">\n\t\t\t\t\t\t\t<div class=\"elementor-custom-embed\">\n\t\t\t<iframe loading=\"lazy\"\n\t\t\t\t\tsrc=\"https:\/\/maps.google.com\/maps?q=2J8H%2BJ6%20Beylikd%C3%BCz%C3%BC%2C%20%C4%B0stanbul&#038;t=m&#038;z=18&#038;output=embed&#038;iwloc=near\"\n\t\t\t\t\ttitle=\"2J8H+J6 Beylikd\u00fcz\u00fc, \u0130stanbul\"\n\t\t\t\t\taria-label=\"2J8H+J6 Beylikd\u00fcz\u00fc, \u0130stanbul\"\n\t\t\t><\/iframe>\n\t\t<\/div>\n\t\t\t\t\t\t<\/div>\n\t\t            <\/div>\n        <\/div>\n                    <\/div>\n        <\/section>\n                <section class=\"elementor-section elementor-top-section elementor-element elementor-element-2882da23 elementor-section-stretched elementor-section-boxed elementor-section-height-default elementor-section-height-default ct-header-fixed-none ct-column-none ct-row-scroll-none ct-row-gradient--none ct-row-container--default\" data-id=\"2882da23\" data-element_type=\"section\" data-e-type=\"section\" data-settings=\"{&quot;stretch_section&quot;:&quot;section-stretched&quot;}\">\n            \n                        <div class=\"elementor-container elementor-column-gap-extended \">\n                    <div class=\"elementor-column elementor-col-100 elementor-top-column elementor-element elementor-element-53e55cca ct-column-none col-offset-none\" data-id=\"53e55cca\" data-element_type=\"column\" data-e-type=\"column\">\n        <div class=\"elementor-widget-wrap elementor-element-populated\">\n                    \n        \t\t<div class=\"elementor-element elementor-element-4adde462 elementor-widget elementor-widget-ct_heading\" data-id=\"4adde462\" data-element_type=\"widget\" data-e-type=\"widget\" data-widget_type=\"ct_heading.default\">\n\t\t\t\t<div class=\"elementor-widget-container\">\n\t\t\t\t\t<div id=\"ct_heading-4adde462\" class=\"ct-heading h-align-center item-st-default\">\r\n    <div class=\"heading-wrapper\">\r\n        <div class=\"inner-heading\">\r\n                          \t            \t\t<div class=\"item--sub-title no-image-bg\">\r\n                                                <span>\r\n                            \u0130leti\u015fime Ge\u00e7in                        <\/span>\r\n                    <\/div>\r\n            \t                <h3 class=\"item--title case-animate-time st-default \" data-wow-delay=\"ms\">\r\n                    <span>Diledi\u011finiz zaman bizimle<br \/>ileti\u015fime ge\u00e7ebilirsiniz.<\/span>                <\/h3>\r\n        <\/div>\r\n    <\/div>\r\n<\/div>\r\n\t\t\t\t<\/div>\n\t\t\t\t<\/div>\n\t\t\t\t<div class=\"elementor-element elementor-element-7f1fce3f elementor-widget elementor-widget-ct_contact_form\" data-id=\"7f1fce3f\" data-element_type=\"widget\" data-e-type=\"widget\" data-widget_type=\"ct_contact_form.default\">\n\t\t\t\t<div class=\"elementor-widget-container\">\n\t\t\t\t\t    <div class=\"ct-contact-form ct-contact-form-layout1 style1 \">\r\n        <div class=\"inner-layout\" >\r\n                        <div class=\"ct-contact-form\">\r\n                \n<div class=\"wpcf7 no-js\" id=\"wpcf7-f713-o1\" lang=\"tr-TR\" dir=\"ltr\" data-wpcf7-id=\"713\">\n<div class=\"screen-reader-response\"><p role=\"status\" aria-live=\"polite\" aria-atomic=\"true\"><\/p> <ul><\/ul><\/div>\n<form action=\"\/fr\/wp-json\/wp\/v2\/pages\/14374#wpcf7-f713-o1\" method=\"post\" class=\"wpcf7-form init\" aria-label=\"\u0130leti\u015fim Formu\" novalidate=\"novalidate\" data-status=\"init\">\n<fieldset class=\"hidden-fields-container\"><input type=\"hidden\" name=\"_wpcf7\" value=\"713\" \/><input type=\"hidden\" name=\"_wpcf7_version\" value=\"6.1.5\" \/><input type=\"hidden\" name=\"_wpcf7_locale\" value=\"tr_TR\" \/><input type=\"hidden\" name=\"_wpcf7_unit_tag\" value=\"wpcf7-f713-o1\" \/><input type=\"hidden\" name=\"_wpcf7_container_post\" value=\"0\" \/><input type=\"hidden\" name=\"_wpcf7_posted_data_hash\" value=\"\" \/>\n<\/fieldset>\n<div class=\"wp-row-ctf7\">\n\t<div class=\"row\">\n\t\t<div class=\"col-lg-6 col-md-6\">\n\t\t\t<div class=\"input-filled\">\n\t\t\t\t<p><span class=\"wpcf7-form-control-wrap\" data-name=\"your-name\"><input size=\"40\" maxlength=\"400\" class=\"wpcf7-form-control wpcf7-text wpcf7-validates-as-required\" aria-required=\"true\" aria-invalid=\"false\" placeholder=\"Ad\u0131n\u0131z Soyad\u0131n\u0131z\" value=\"\" type=\"text\" name=\"your-name\" \/><\/span>\n\t\t\t\t<\/p>\n\t\t\t<\/div>\n\t\t<\/div>\n\t\t<div class=\"col-lg-6 col-md-6\">\n\t\t\t<div class=\"input-filled\">\n\t\t\t\t<p><span class=\"wpcf7-form-control-wrap\" data-name=\"your-email\"><input size=\"40\" maxlength=\"400\" class=\"wpcf7-form-control wpcf7-email wpcf7-validates-as-required wpcf7-text wpcf7-validates-as-email\" aria-required=\"true\" aria-invalid=\"false\" placeholder=\"E-posta Adresiniz\" value=\"\" type=\"email\" name=\"your-email\" \/><\/span>\n\t\t\t\t<\/p>\n\t\t\t<\/div>\n\t\t<\/div>\n\t\t<div class=\"col-lg-6 col-md-6\">\n\t\t\t<div class=\"input-filled\">\n\t\t\t\t<p><span class=\"wpcf7-form-control-wrap\" data-name=\"your-phone\"><input size=\"40\" maxlength=\"400\" class=\"wpcf7-form-control wpcf7-text wpcf7-validates-as-required\" aria-required=\"true\" aria-invalid=\"false\" placeholder=\"Telefon Numaran\u0131z\" value=\"\" type=\"text\" name=\"your-phone\" \/><\/span>\n\t\t\t\t<\/p>\n\t\t\t<\/div>\n\t\t<\/div>\n\t\t<div class=\"col-lg-6 col-md-6\">\n\t\t\t<div class=\"input-filled\">\n\t\t\t\t<p><span class=\"wpcf7-form-control-wrap\" data-name=\"your-subject\"><input size=\"40\" maxlength=\"400\" class=\"wpcf7-form-control wpcf7-text wpcf7-validates-as-required\" aria-required=\"true\" aria-invalid=\"false\" placeholder=\"Konu (Proje \/ Talep)\" value=\"\" type=\"text\" name=\"your-subject\" \/><\/span>\n\t\t\t\t<\/p>\n\t\t\t<\/div>\n\t\t<\/div>\n\t\t<div class=\"col-lg-12\">\n\t\t\t<div class=\"input-filled\">\n\t\t\t\t<p><span class=\"wpcf7-form-control-wrap\" data-name=\"your-message\"><textarea cols=\"40\" rows=\"10\" maxlength=\"2000\" class=\"wpcf7-form-control wpcf7-textarea\" aria-invalid=\"false\" placeholder=\"Mesaj\u0131n\u0131z (Proje detaylar\u0131n\u0131 yazabilirsiniz)\" name=\"your-message\"><\/textarea><\/span>\n\t\t\t\t<\/p>\n\t\t\t<\/div>\n\t\t<\/div>\n\t\t<div class=\"col-lg-12\">\n\t\t\t<div class=\"input-filled input-filled-btn\">\n\t\t\t\t<p><input class=\"wpcf7-form-control wpcf7-submit has-spinner\" type=\"submit\" value=\"Teklif Talebi G\u00f6nder +\" \/>\n\t\t\t\t<\/p>\n\t\t\t<\/div>\n\t\t<\/div>\n\t<\/div>\n<\/div><div class=\"wpcf7-response-output\" aria-hidden=\"true\"><\/div>\n<\/form>\n<\/div>\n            <\/div>\r\n        <\/div>\r\n    <\/div>\r\n\t\t\t\t<\/div>\n\t\t\t\t<\/div>\n\t\t            <\/div>\n        <\/div>\n                    <\/div>\n        <\/section>\n        \t\t<\/div>\n\t\t","protected":false},"excerpt":{"rendered":"<p>Size En Yak\u0131n Ofis E-posta Adresi Bize istedi\u011finiz zaman yazabilirsiniz info@mudcem.com teklif@mudcem.com Telefon Numaras\u0131 Bizi istedi\u011finiz zaman en k\u0131sa s\u00fcrede aray\u0131n. +90 212 872 32 30 Ofis Adresi Ofisimizi Ziyaret Edin B2, Miranda City Tower New York, US \u0130leti\u015fime Ge\u00e7in Diledi\u011finiz zaman bizimleileti\u015fime ge\u00e7ebilirsiniz.<\/p>\n","protected":false},"author":1,"featured_media":0,"parent":0,"menu_order":0,"comment_status":"closed","ping_status":"closed","template":"","meta":{"footnotes":""},"class_list":["post-14374","page","type-page","status-publish","hentry"],"_links":{"self":[{"href":"https:\/\/www.mudcem.com\/fr\/wp-json\/wp\/v2\/pages\/14374","targetHints":{"allow":["GET"]}}],"collection":[{"href":"https:\/\/www.mudcem.com\/fr\/wp-json\/wp\/v2\/pages"}],"about":[{"href":"https:\/\/www.mudcem.com\/fr\/wp-json\/wp\/v2\/types\/page"}],"author":[{"embeddable":true,"href":"https:\/\/www.mudcem.com\/fr\/wp-json\/wp\/v2\/users\/1"}],"replies":[{"embeddable":true,"href":"https:\/\/www.mudcem.com\/fr\/wp-json\/wp\/v2\/comments?post=14374"}],"version-history":[{"count":2,"href":"https:\/\/www.mudcem.com\/fr\/wp-json\/wp\/v2\/pages\/14374\/revisions"}],"predecessor-version":[{"id":14379,"href":"https:\/\/www.mudcem.com\/fr\/wp-json\/wp\/v2\/pages\/14374\/revisions\/14379"}],"wp:attachment":[{"href":"https:\/\/www.mudcem.com\/fr\/wp-json\/wp\/v2\/media?parent=14374"}],"curies":[{"name":"wp","href":"https:\/\/api.w.org\/{rel}","templated":true}]}}